{"id":745,"date":"2016-03-10T18:51:46","date_gmt":"2016-03-10T18:51:46","guid":{"rendered":"https:\/\/default.houzez.co\/?page_id=745"},"modified":"2025-09-03T18:14:57","modified_gmt":"2025-09-03T18:14:57","slug":"terms-and-conditions","status":"publish","type":"page","link":"https:\/\/inviertenuevo.co\/en\/terms-and-conditions\/","title":{"rendered":"T\u00e9rminos y condiciones"},"content":{"rendered":"<div class=\"wpforms-field-container\">\n<div id=\"wpforms-19862-field_17-container\" class=\"wpforms-field wpforms-field-checkbox\" data-field-type=\"checkbox\" data-field-id=\"17\">\n<fieldset>\n<div id=\"wpforms-19862-field_17-description\" class=\"wpforms-field-description wpforms-disclaimer-description\">This privacy notice (the \u201cNotice\u201d) sets out the terms and conditions, in virtue of which, INVEST NEW S. A. S , business society identified with the N. I. T. 901.932.624-3 and with registered offices in the city of Bogot\u00e1 D. C. (\u201cINVEST NEW S. A. S\u201d or the \u201cCompany\u201d), will carry out the processing of personal data from individuals interested in (i) the purchase of the units and\/or real estate projects managed, designed, marketed, and built and\/or supervised by GROUP DACARI;<br \/>\n(i) purchase the services and\/or products offered by the Company; and (ii) in general, potential clients, customers, former customers, suppliers, contractors, candidates, employees, employees, former and collaborators of the Company (collectively, the \u201cHolders\u201d or individually considered as the \u201cHolder\u201d).<br \/>\nThis Notice shall be governed in accordance with the provisions of the colombian law applicable to the processing of personal data of the Holders and in accordance with what is established in the Manual of Policies and Procedures for Protecting Personal Data and Privacy of GROUP DACARI., which is available to the query of the Holder, at any time, on the website of the Company: WWW.INVIERTENUEVO.CO (the \u201cManual\u201d).<br \/>\n1. TRATAMIENTO Y FINALIDADI. El tratamiento que realizar\u00e1 INVIERTE NUEVO S.A.S respecto de los datos personales de los Titulares estar\u00e1 encaminado a la recolecci\u00f3n, almacenamiento, uso, circulaci\u00f3n, actualizaci\u00f3n y\/o supresi\u00f3n de la informaci\u00f3n, en virtud de las siguientes finalidades: Efectuar las gestiones pertinentes para el desarrollo del objeto de la alianza o contrato celebrado entre la Compa\u00f1\u00eda y el Titular, en ejecuci\u00f3n de las actividades comerciales derivadas del objeto social de la Compa\u00f1\u00eda.<br \/>\nII. Remisi\u00f3n de informaci\u00f3n a los Titulares relacionada con el objeto social de la Compa\u00f1\u00eda, gesti\u00f3n contable, fiscal y administrativa, verificaci\u00f3n de requisitos jur\u00eddicos, t\u00e9cnicos y\/o financieros.<br \/>\nIII. Publicidad y prospecci\u00f3n comercial, ofrecimiento de productos y servicios.<br \/>\nIV. Relaciones comerciales, invitaci\u00f3n a eventos o recepciones sociales y\/o administrativas.<br \/>\nV. Realizar campa\u00f1as comerciales y actividades de mercadeo.<br \/>\nVI. Gestionar tr\u00e1mites, solicitudes, quejas y reclamos.<br \/>\nVII. Efectuar encuestas de satisfacci\u00f3n respecto de los bienes y servicios ofrecidos por la compa\u00f1\u00eda.<br \/>\nVIII. Contactar al Titular a trav\u00e9s de medios telef\u00f3nicos o medios electr\u00f3nicos para realizar encuestas, estudios y\/o confirmaci\u00f3n de datos personales necesarios para la ejecuci\u00f3n de una relaci\u00f3n contractual.<br \/>\nIX. Contactar al Titular a trav\u00e9s de medios electr\u00f3nicos, redes sociales \u2013 SMS o chat para el env\u00edo de noticias relacionadas con campa\u00f1as de fidelizaci\u00f3n o mejora de servicio.<br \/>\nX. Contactar al Titular a trav\u00e9s de correo electr\u00f3nico para el env\u00edo de extractos, estados de cuenta o facturas en relaci\u00f3n con las obligaciones derivadas del contrato celebrado entre las partes.<br \/>\nXI. Dar cumplimiento a las obligaciones contra\u00eddas por INVIERTE NUEVO S.A.S con el<\/p>\n<p>Owner, human resources and payroll management, in connection with the payment of wages, social benefits and other compensation established in the contract of employment or as required by law.<br \/>\nXII. Ofrecer programas de bienestar corporativo y planificar actividades empresariales para el Titular y sus beneficiarios (hijos, c\u00f3nyuge o, compa\u00f1ero permanente).<br \/>\nXIII. Hacer consultas de antecedentes penales, judiciales, disciplinarios, comerciales y financieros del Titular en listas p\u00fablicas o privadas.<br \/>\nXIV. Atender requerimientos de organismos de control y vigilancia.<br \/>\nXV. Acceder y consultar los datos personales en las centrales de informaci\u00f3n crediticia y financiera, y recabar informaci\u00f3n relevante del comportamiento crediticio del Titular. Para el tratamiento de datos personales conforme a esta finalidad, la Compa\u00f1\u00eda expresamente informar\u00e1 al usuario sobre dicho tratamiento.<br \/>\nXVI. Compartir los datos personales del Titular con entidades financieras en aquellos casos en los cuales el Titular desee contratar un servicio con aquellas, encaminado a la adquisici\u00f3n de unidades y\/o proyectos inmobiliarios construidos, gerenciados, dise\u00f1ados, comercializados y\/o supervisados por INVIERTE NUEVO S.A.S.<br \/>\nXVII. Transferir los datos personales del Titular, a terceros, proveedores de bienes o servicios, y aliados comerciales de la Compa\u00f1\u00eda, seg\u00fan sea necesario para efectos del cumplimiento de las obligaciones derivadas de las relaciones existentes con los Titulares. El Titular autoriza de manera voluntaria, previa y expresa a la Compa\u00f1\u00eda, para dar a conocer, transferir y\/o transmitir sus datos personales, dentro y fuera del pa\u00eds, a terceros como resultado de la celebraci\u00f3n de un contrato, alianza, v\u00ednculo l\u00edcito o disposici\u00f3n legal que as\u00ed lo requiera.<br \/>\nXVIII. Las dem\u00e1s actividades relacionadas con el desarrollo del objeto social de la Compa\u00f1\u00eda y que resulten del desarrollo de la relaci\u00f3n que tenga con el Titular.<br \/>\n2. DERECHOS DEL TITULAR<\/p>\n<p>As the Owner of your personal data, you have the right to:<br \/>\nI. Acceder en forma gratuita a los datos proporcionados que hayan sido objeto de tratamiento.<br \/>\nII. Conocer, actualizar y rectificar su informaci\u00f3n frente a datos parciales, inexactos, incompletos, fraccionados, que induzcan a error, o a aquellos cuyo tratamiento est\u00e9 prohibido o no haya sido autorizado.<br \/>\nIII. Solicitar prueba de la autorizaci\u00f3n otorgada.<br \/>\nIV. Presentar ante la Superintendencia de Industria y Comercio (SIC) quejas por infracciones a lo dispuesto en la normatividad vigente.<br \/>\nV. Revocar la autorizaci\u00f3n y\/o solicitar la supresi\u00f3n del dato, siempre que no exista un deber legal o contractual que impida eliminarlos.<br \/>\nTo refrain from answering questions about sensitive data. You will have an optional answers, dealing with sensitive data or data of children and adolescents.<\/p>\n<p>3. DEBERES DEL RESPONSABLE Y ENCARGADO DEL TRATAMIENTO<\/p>\n<p>GROUP DACARI will strictly adhere to the following duties in accordance with the quality having regard to the processing of personal data of the Holders in each particular case:<\/p>\n<p>DEBERES DEL RESPONSABLE DEL<br \/>\nTRATAMIENTO DEBERES DEL<br \/>\nTRATAMIENTO ENCARGADO DEL<br \/>\nEnsure to the Owner the full and effective exercise<br \/>\ndel derecho al h\u00e1beas data. Garantizar al Titular el pleno y efectivo ejercicio<br \/>\nthe right of habeas data.<br \/>\nRequest and retain a copy of the authorization<br \/>\notorgada por el Titular. Conservar la informaci\u00f3n bajo condiciones de<br \/>\nsecurity best.<br \/>\nInformar al Titular sobre la finalidad de la recolecci\u00f3n y los derechos que le asisten. Realizar oportunamente la actualizaci\u00f3n, rectificaci\u00f3n o supresi\u00f3n de los datos.<br \/>\nConservar la informaci\u00f3n bajo condiciones de seguridad id\u00f3neas. Actualizar la informaci\u00f3n reportada por los responsables dentro de los cinco (5) d\u00edas h\u00e1biles contados a partir de su recibo.<br \/>\nGarantizar que la informaci\u00f3n que se suministre al encargado sea veraz, completa, exacta, actualizada, comprobable y comprensible.<br \/>\nTo process the requests and claims within the terms of the law.<br \/>\nUpdate the information, communicating promptly with the manager all the news regarding the data, previously supplied to it, and to adopt measures so that the information is<br \/>\nkeep up-to-date.<\/p>\n<p>Adoptar el Manual cumplimiento de la ley.<\/p>\n<p>para garantizar el Rectificar la informaci\u00f3n cuando sea incorrecta<br \/>\ne informar al encargado. Registrar en la base de datos la leyenda<br \/>\n\u201cgrievance procedure\u201d in terms of the law.<\/p>\n<p>\u00danicamente proporcionar al encargado datos cuyo tratamiento est\u00e9 autorizado. Insertar en la base de datos la leyenda \u201cinformaci\u00f3n en discusi\u00f3n judicial\u201d una vez se haya notificado por parte de la autoridad competente sobre procesos judiciales<br \/>\nrelated to the quality of the personal data.<br \/>\nExigir al encargado el respeto a las condiciones de seguridad y privacidad de la informaci\u00f3n del Titular. Abstenerse de circular informaci\u00f3n que est\u00e9 siendo controvertida por el Titular y cuyo bloqueo ha sido ordenado por la<br \/>\nSuperintendence of Industry and Commerce.<br \/>\nTramitar las consultas y reclamos dentro de los t\u00e9rminos de la ley y del Manual. Permitir el acceso a la informaci\u00f3n \u00fanicamente a personas que pueden tener acceso a ella.<br \/>\nAdoptar el Manual cumplimiento de la ley. para garantizar el Cumplir con las instrucciones y requerimientos<br \/>\nissued by the Superintendence of Industry and Commerce.<br \/>\nInform the Holder about the use of their<br \/>\npersonal data.<br \/>\nTo inform the processor when<br \/>\ndeterminada informaci\u00f3n se encuentra en<\/p>\n<p>DEBERES DEL RESPONSABLE DEL<br \/>\nTRATAMIENTO DEBERES DEL ENCARGADO DEL<br \/>\nTREATMENT<br \/>\ndiscussion on the part of the Holder, once it has been<br \/>\nfiled a claim and you have not finished the processing of the respective order.<br \/>\nInform the data protection authority (Superintendencia de Industria y Comercio) when there are violations of safety codes and there is a risk for the information<br \/>\nof the Holders.<br \/>\nComply with the instructions and requirements<br \/>\nissued by the Superintendence of Industry and Commerce.<\/p>\n<p>In case of convergence of the qualities of the controller and processor in GROUP DACARI, you will be required the fulfillment of the duties provided for each one of these.<br \/>\n4. CANALES DE ATENCI\u00d3N AL TITULAR DE LOS DATOS<\/p>\n<p>GROUP DACARI set as channels of communication and attention to their Holders the following:<br \/>\nDirecci\u00f3n F\u00edsica: AV EL POBLADO # 1 \u2013 50<br \/>\nTel\u00e9fono: (+57) 3212707244<br \/>\nCelular: (+57) 3008202343<br \/>\nCorreo electr\u00f3nico: info@inviertenuevo.co<br \/>\nP\u00e1gina Web: www.inviertenuevo.co<\/p>\n<p>5. PROCEDIMIENTO PARA TRATAMIENTO DE PQRS<\/p>\n<p>Reception PQRS \u2013 data Processing: Any request by the Owner of the data, to learn, correct, update and\/or remove your personal data or to revoke the authorization in the cases established in the Law 1581 of 2012, received by mail or e-mail box is routed like this:<br \/>\nI. Recibida la solicitud a trav\u00e9s del buz\u00f3n designado info@inviertenuevo.co<br \/>\nII. Se revisar\u00e1 si la solicitud est\u00e1 completa; en caso contrario, si est\u00e1 incompleta, se deber\u00e1 contactar al Titular en un plazo no mayor a cinco (5) d\u00edas h\u00e1biles a trav\u00e9s de correo electr\u00f3nico, telef\u00f3nicamente y\/o correspondencia; e indicar el procedimiento que debe seguir, para hacer efectiva la solicitud, y se registrar\u00e1 en la base de datos con la observaci\u00f3n \u201creclamo incompleto\u201d.<br \/>\nIII. La solicitud ser\u00e1 direccionada al \u00e1rea correspondiente (seg\u00fan el asunto de la PQRS)<br \/>\nIV. Todos los reclamos y\/o PQRS se responder\u00e1n en un t\u00e9rmino m\u00e1ximo para atender el reclamo de quince (15) d\u00edas h\u00e1biles contados a partir del d\u00eda siguiente a la fecha de su recibo y completitud.<br \/>\nV. Si la causa de la PQRS que se invoca es la vulneraci\u00f3n de un derecho (DERECHO VULNERADO), se deber\u00e1 redireccionar al \u00e1rea Jur\u00eddica de INVIERTE NUEVO S.A.S, para su tratamiento, revisi\u00f3n, soluci\u00f3n y respuesta que ser\u00e1 devuelta a trav\u00e9s del correo info@inviertenuevo.co<\/p>\n<p>VI. Se deber\u00e1 notificar al Titular de la soluci\u00f3n de su PQRS a trav\u00e9s del canal elegido por el Titular.<\/p>\n<p>6. VIGENCIA<\/p>\n<p>This Notice applies from the date of publication, and shall be in effect during the time in which it INVESTS NEW S. A. S run the purposes described in the present document and may be changed at any time in order to adapt to new practices that develop legislative or jurisprudential developments in the field.<\/p>\n<p>Any update to the Notice will be made available to the Holders on the website of INVEST NEW S. A. S available in: www.inviertenuevo.co or in any other means deemed appropriate, indicating the date of entry into force of the corresponding amendment or update, as applicable.<\/p>\n<\/div>\n<\/fieldset>\n<\/div>\n<\/div>\n<div class=\"wpforms-submit-container\"><\/div>","protected":false},"excerpt":{"rendered":"<p>El presente aviso de privacidad (el \u201cAviso\u201d) establece los t\u00e9rminos y condiciones, en virtud de los cuales, INVIERTE NUEVO S.A.S , sociedad comercial identificada con el N.I.T. 901.932.624-3 y con domicilio en la ciudad de Bogot\u00e1 D.C. (\u201cINVIERTE NUEVO S.A.S\u201d o la \u201cCompa\u00f1\u00eda\u201d), realizar\u00e1 el tratamiento de los datos personales provenientes de las personas naturales [&hellip;]<\/p>\n","protected":false},"author":1,"featured_media":0,"parent":0,"menu_order":0,"comment_status":"closed","ping_status":"closed","template":"","meta":{"content-type":"","footnotes":""},"class_list":["post-745","page","type-page","status-publish","hentry"],"_links":{"self":[{"href":"https:\/\/inviertenuevo.co\/en\/wp-json\/wp\/v2\/pages\/745","targetHints":{"allow":["GET"]}}],"collection":[{"href":"https:\/\/inviertenuevo.co\/en\/wp-json\/wp\/v2\/pages"}],"about":[{"href":"https:\/\/inviertenuevo.co\/en\/wp-json\/wp\/v2\/types\/page"}],"author":[{"embeddable":true,"href":"https:\/\/inviertenuevo.co\/en\/wp-json\/wp\/v2\/users\/1"}],"replies":[{"embeddable":true,"href":"https:\/\/inviertenuevo.co\/en\/wp-json\/wp\/v2\/comments?post=745"}],"version-history":[{"count":2,"href":"https:\/\/inviertenuevo.co\/en\/wp-json\/wp\/v2\/pages\/745\/revisions"}],"predecessor-version":[{"id":19998,"href":"https:\/\/inviertenuevo.co\/en\/wp-json\/wp\/v2\/pages\/745\/revisions\/19998"}],"wp:attachment":[{"href":"https:\/\/inviertenuevo.co\/en\/wp-json\/wp\/v2\/media?parent=745"}],"curies":[{"name":"wp","href":"https:\/\/api.w.org\/{rel}","templated":true}]}}