{"id":19985,"date":"2025-09-02T17:13:39","date_gmt":"2025-09-02T17:13:39","guid":{"rendered":"https:\/\/inviertenuevo.co\/?page_id=19985"},"modified":"2025-09-12T17:29:22","modified_gmt":"2025-09-12T17:29:22","slug":"portafolio-de-servicios","status":"publish","type":"page","link":"https:\/\/inviertenuevo.co\/en\/portafolio-de-servicios\/","title":{"rendered":"Portfolio of Services"},"content":{"rendered":"<div data-elementor-type=\"wp-page\" data-elementor-id=\"19985\" class=\"elementor elementor-19985\" data-elementor-post-type=\"page\">\n\t\t\t\t\t\t<section class=\"elementor-section elementor-top-section elementor-element elementor-element-746ee65 elementor-section-stretched elementor-section-height-min-height elementor-section-boxed elementor-section-height-default elementor-section-items-middle\" data-id=\"746ee65\" data-element_type=\"section\" data-e-type=\"section\" data-settings=\"{&quot;stretch_section&quot;:&quot;section-stretched&quot;,&quot;background_background&quot;:&quot;classic&quot;}\">\n\t\t\t\t\t\t\t<div class=\"elementor-background-overlay\"><\/div>\n\t\t\t\t\t\t\t<div class=\"elementor-container elementor-column-gap-default\">\n\t\t\t\t\t<div class=\"elementor-column elementor-col-100 elementor-top-column elementor-element elementor-element-0c87a5e\" data-id=\"0c87a5e\" data-element_type=\"column\" data-e-type=\"column\">\n\t\t\t<div class=\"elementor-widget-wrap elementor-element-populated\">\n\t\t\t\t\t\t<div class=\"elementor-element elementor-element-7ba8620 elementor-widget-tablet__width-initial elementor-invisible elementor-widget elementor-widget-heading\" data-id=\"7ba8620\" data-element_type=\"widget\" data-e-type=\"widget\" data-settings=\"{&quot;_animation&quot;:&quot;fadeInDown&quot;}\" data-widget_type=\"heading.default\">\n\t\t\t\t\t<h1 class=\"elementor-heading-title elementor-size-default\">Our portfolio of services <\/h1>\t\t\t\t<\/div>\n\t\t\t\t\t<\/div>\n\t\t<\/div>\n\t\t\t\t\t<\/div>\n\t\t<\/section>\n\t\t<div class=\"elementor-element elementor-element-707771c e-flex e-con-boxed e-con e-parent\" data-id=\"707771c\" data-element_type=\"container\" data-e-type=\"container\" data-settings=\"{&quot;background_background&quot;:&quot;classic&quot;}\">\n\t\t\t\t\t<div class=\"e-con-inner\">\n\t\t\t\t<div class=\"elementor-element elementor-element-5c34363 elementor-widget elementor-widget-heading\" data-id=\"5c34363\" data-element_type=\"widget\" data-e-type=\"widget\" data-widget_type=\"heading.default\">\n\t\t\t\t\t<h2 class=\"elementor-heading-title elementor-size-default\">Portfolio of services <\/h2>\t\t\t\t<\/div>\n\t\t\t\t\t<\/div>\n\t\t\t\t<\/div>\n\t\t<div class=\"elementor-element elementor-element-874e928 e-flex e-con-boxed e-con e-parent\" data-id=\"874e928\" data-element_type=\"container\" data-e-type=\"container\">\n\t\t\t\t\t<div class=\"e-con-inner\">\n\t\t<div class=\"elementor-element elementor-element-736363c e-con-full e-flex e-con e-child\" data-id=\"736363c\" data-element_type=\"container\" data-e-type=\"container\">\n\t\t\t\t<div class=\"elementor-element elementor-element-078b3be elementor-widget elementor-widget-heading\" data-id=\"078b3be\" data-element_type=\"widget\" data-e-type=\"widget\" data-widget_type=\"heading.default\">\n\t\t\t\t\t<h3 class=\"elementor-heading-title elementor-size-default\">1. marketing of real estate projects in Colombia <\/h3>\t\t\t\t<\/div>\n\t\t\t\t<\/div>\n\t\t<div class=\"elementor-element elementor-element-c439f46 e-con-full e-flex e-con e-child\" data-id=\"c439f46\" data-element_type=\"container\" data-e-type=\"container\">\n\t\t\t\t<div class=\"elementor-element elementor-element-c2d1f8e elementor-widget elementor-widget-text-editor\" data-id=\"c2d1f8e\" data-element_type=\"widget\" data-e-type=\"widget\" data-widget_type=\"text-editor.default\">\n\t\t\t\t\t\t\t\t\t<p>It supports the constructor in the management of its commercial real estate portfolio at the national level in order to refer qualified leads with higher interest in the purchase of real estate either for immediate delivery or on planes of each of our builders allies<\/p>\t\t\t\t\t\t\t\t<\/div>\n\t\t\t\t<\/div>\n\t\t<div class=\"elementor-element elementor-element-d917a8d e-con-full e-flex e-con e-child\" data-id=\"d917a8d\" data-element_type=\"container\" data-e-type=\"container\">\n\t\t\t\t<div class=\"elementor-element elementor-element-5ddf77a elementor-widget elementor-widget-heading\" data-id=\"5ddf77a\" data-element_type=\"widget\" data-e-type=\"widget\" data-widget_type=\"heading.default\">\n\t\t\t\t\t<h3 class=\"elementor-heading-title elementor-size-default\">2. mortgage loans national and international<\/h3>\t\t\t\t<\/div>\n\t\t\t\t<\/div>\n\t\t<div class=\"elementor-element elementor-element-c2d23bb e-con-full e-flex e-con e-child\" data-id=\"c2d23bb\" data-element_type=\"container\" data-e-type=\"container\">\n\t\t\t\t<div class=\"elementor-element elementor-element-97c7fe1 elementor-widget elementor-widget-text-editor\" data-id=\"97c7fe1\" data-element_type=\"widget\" data-e-type=\"widget\" data-widget_type=\"text-editor.default\">\n\t\t\t\t\t\t\t\t\t<p>All kinds of efforts of mortgage loans with different banks seeking improvement rate according to the profile of the client\u00a0<\/p>\t\t\t\t\t\t\t\t<\/div>\n\t\t\t\t<\/div>\n\t\t\t\t\t<\/div>\n\t\t\t\t<\/div>\n\t\t<div class=\"elementor-element elementor-element-7ecea22 e-flex e-con-boxed e-con e-parent\" data-id=\"7ecea22\" data-element_type=\"container\" data-e-type=\"container\">\n\t\t\t\t\t<div class=\"e-con-inner\">\n\t\t<div class=\"elementor-element elementor-element-b2eddc5 e-con-full e-flex e-con e-child\" data-id=\"b2eddc5\" data-element_type=\"container\" data-e-type=\"container\">\n\t\t\t\t<div class=\"elementor-element elementor-element-deb96e2 elementor-widget elementor-widget-heading\" data-id=\"deb96e2\" data-element_type=\"widget\" data-e-type=\"widget\" data-widget_type=\"heading.default\">\n\t\t\t\t\t<h3 class=\"elementor-heading-title elementor-size-default\">3. Legalization Monetization and currency <\/h3>\t\t\t\t<\/div>\n\t\t\t\t<\/div>\n\t\t<div class=\"elementor-element elementor-element-46b2f65 e-con-full e-flex e-con e-child\" data-id=\"46b2f65\" data-element_type=\"container\" data-e-type=\"container\">\n\t\t\t\t<div class=\"elementor-element elementor-element-751097d elementor-widget elementor-widget-text-editor\" data-id=\"751097d\" data-element_type=\"widget\" data-e-type=\"widget\" data-widget_type=\"text-editor.default\">\n\t\t\t\t\t\t\t\t\t<p>Our Shipping channel of foreign exchange and Monetization legalization which represents a market exchange rate-optimal for real estate investment in Colombia. In reversed again you will be representing to the Bank of the Republic of Colombia and legalizaremos the income of your foreign currency to the country as foreign investment.<\/p><p><br \/>With us you will have the Security and support during the entire operation; however, The cash proceeds from the Monetization will be added directly to the builder or fiduciary, generating transparency and security in the process of exchange.<\/p><p><br \/>Our channel monetization does not use personal bank accounts to avoid that the investor must incur bank charges for opening and maintaining an account in Colombia.<\/p>\t\t\t\t\t\t\t\t<\/div>\n\t\t\t\t<\/div>\n\t\t<div class=\"elementor-element elementor-element-b0957f7 e-con-full e-flex e-con e-child\" data-id=\"b0957f7\" data-element_type=\"container\" data-e-type=\"container\">\n\t\t\t\t<div class=\"elementor-element elementor-element-58804b7 elementor-widget elementor-widget-heading\" data-id=\"58804b7\" data-element_type=\"widget\" data-e-type=\"widget\" data-widget_type=\"heading.default\">\n\t\t\t\t\t<h3 class=\"elementor-heading-title elementor-size-default\">4. Appraisals of real estate<\/h3>\t\t\t\t<\/div>\n\t\t\t\t<\/div>\n\t\t<div class=\"elementor-element elementor-element-12abedf e-con-full e-flex e-con e-child\" data-id=\"12abedf\" data-element_type=\"container\" data-e-type=\"container\">\n\t\t\t\t<div class=\"elementor-element elementor-element-44c1381 elementor-widget elementor-widget-text-editor\" data-id=\"44c1381\" data-element_type=\"widget\" data-e-type=\"widget\" data-widget_type=\"text-editor.default\">\n\t\t\t\t\t\t\t\t\t<p>By means of a technical process performed by a person, who, in addition to being registered in the national register of evaluators, is knowledgeable of the subject, allows you to analyse, process and interpret the real estate information obtained through research, direct and indirect, which allows to determine the commercial value, the more close to the reality of the property in terinos money.<\/p><p>Is performed accompaniment, financial valuation, market studies, feasibility of the project return of investment, legal study, risks, among other factors that have to be taken into account for the preparation of new projects to undertake our clients in detail to the viability of the business\u00a0<\/p>\t\t\t\t\t\t\t\t<\/div>\n\t\t\t\t<\/div>\n\t\t\t\t\t<\/div>\n\t\t\t\t<\/div>\n\t\t<div class=\"elementor-element elementor-element-2bdf681 e-flex e-con-boxed e-con e-parent\" data-id=\"2bdf681\" data-element_type=\"container\" data-e-type=\"container\">\n\t\t\t\t\t<div class=\"e-con-inner\">\n\t\t<div class=\"elementor-element elementor-element-13df340 e-con-full e-flex e-con e-child\" data-id=\"13df340\" data-element_type=\"container\" data-e-type=\"container\">\n\t\t\t\t<div class=\"elementor-element elementor-element-ede789a elementor-widget elementor-widget-heading\" data-id=\"ede789a\" data-element_type=\"widget\" data-e-type=\"widget\" data-widget_type=\"heading.default\">\n\t\t\t\t\t<h3 class=\"elementor-heading-title elementor-size-default\">5. Tax planning national and international investment projects.<\/h3>\t\t\t\t<\/div>\n\t\t\t\t<\/div>\n\t\t<div class=\"elementor-element elementor-element-44314f7 e-con-full e-flex e-con e-child\" data-id=\"44314f7\" data-element_type=\"container\" data-e-type=\"container\">\n\t\t\t\t<div class=\"elementor-element elementor-element-d8c6b6e elementor-widget elementor-widget-text-editor\" data-id=\"d8c6b6e\" data-element_type=\"widget\" data-e-type=\"widget\" data-widget_type=\"text-editor.default\">\n\t\t\t\t\t\t\t\t\t<p>It makes the process of tax planning using vehicles legal, financial, implementation of international agreements of non-double taxation, among other strategies to mitigate the tax burden on national and international levels, according to the investment project to analyze.<\/p><p>Is performed accompaniment, financial valuation, market studies, feasibility of the project return of investment, legal study, risks, among other factors that have to be taken into account for the preparation of new projects to undertake our clients in detail to the viability of the business\u00a0<\/p>\t\t\t\t\t\t\t\t<\/div>\n\t\t\t\t<\/div>\n\t\t<div class=\"elementor-element elementor-element-f99a7ec e-con-full e-flex e-con e-child\" data-id=\"f99a7ec\" data-element_type=\"container\" data-e-type=\"container\">\n\t\t\t\t<div class=\"elementor-element elementor-element-64f7548 elementor-widget elementor-widget-heading\" data-id=\"64f7548\" data-element_type=\"widget\" data-e-type=\"widget\" data-widget_type=\"heading.default\">\n\t\t\t\t\t<h3 class=\"elementor-heading-title elementor-size-default\">6. Search lots of great extension <\/h3>\t\t\t\t<\/div>\n\t\t\t\t<\/div>\n\t\t<div class=\"elementor-element elementor-element-f3eef0d e-con-full e-flex e-con e-child\" data-id=\"f3eef0d\" data-element_type=\"container\" data-e-type=\"container\">\n\t\t\t\t<div class=\"elementor-element elementor-element-a239506 elementor-widget elementor-widget-text-editor\" data-id=\"a239506\" data-element_type=\"widget\" data-e-type=\"widget\" data-widget_type=\"text-editor.default\">\n\t\t\t\t\t\t\t\t\t<p>\u00a0We support the search for lots of great extent, according to the requirement of the constructor ally for the execution of their upcoming real estate projects, taking into account the commercial factors, land use, among others.<\/p>\t\t\t\t\t\t\t\t<\/div>\n\t\t\t\t<\/div>\n\t\t\t\t\t<\/div>\n\t\t\t\t<\/div>\n\t\t<div class=\"elementor-element elementor-element-6171a8a e-flex e-con-boxed e-con e-parent\" data-id=\"6171a8a\" data-element_type=\"container\" data-e-type=\"container\">\n\t\t\t\t\t<div class=\"e-con-inner\">\n\t\t<div class=\"elementor-element elementor-element-c49f40c e-con-full e-flex e-con e-child\" data-id=\"c49f40c\" data-element_type=\"container\" data-e-type=\"container\">\n\t\t\t\t<div class=\"elementor-element elementor-element-f11abca elementor-widget elementor-widget-heading\" data-id=\"f11abca\" data-element_type=\"widget\" data-e-type=\"widget\" data-widget_type=\"heading.default\">\n\t\t\t\t\t<h3 class=\"elementor-heading-title elementor-size-default\">7. Study Title <\/h3>\t\t\t\t<\/div>\n\t\t\t\t<\/div>\n\t\t<div class=\"elementor-element elementor-element-29b6aa3 e-con-full e-flex e-con e-child\" data-id=\"29b6aa3\" data-element_type=\"container\" data-e-type=\"container\">\n\t\t\t\t<div class=\"elementor-element elementor-element-f0b5565 elementor-widget elementor-widget-text-editor\" data-id=\"f0b5565\" data-element_type=\"widget\" data-e-type=\"widget\" data-widget_type=\"text-editor.default\">\n\t\t\t\t\t\t\t\t\t<p>Is carried out study of land titles validating the tradition of real estate of real estate on a fee an effective negotiation; either for the purchase of the immovable property or the contribution of this to the real estate project in question.<\/p>\t\t\t\t\t\t\t\t<\/div>\n\t\t\t\t<\/div>\n\t\t<div class=\"elementor-element elementor-element-7ece6f4 e-con-full e-flex e-con e-child\" data-id=\"7ece6f4\" data-element_type=\"container\" data-e-type=\"container\">\n\t\t\t\t<div class=\"elementor-element elementor-element-53172fb elementor-widget elementor-widget-heading\" data-id=\"53172fb\" data-element_type=\"widget\" data-e-type=\"widget\" data-widget_type=\"heading.default\">\n\t\t\t\t\t<h3 class=\"elementor-heading-title elementor-size-default\">8. Valuation of real estate projects <\/h3>\t\t\t\t<\/div>\n\t\t\t\t<\/div>\n\t\t<div class=\"elementor-element elementor-element-7bfbdea e-con-full e-flex e-con e-child\" data-id=\"7bfbdea\" data-element_type=\"container\" data-e-type=\"container\">\n\t\t\t\t<div class=\"elementor-element elementor-element-2c15980 elementor-widget elementor-widget-text-editor\" data-id=\"2c15980\" data-element_type=\"widget\" data-e-type=\"widget\" data-widget_type=\"text-editor.default\">\n\t\t\t\t\t\t\t\t\t<p>Is performed accompaniment, financial valuation, market study , feasibility of the project does, return on investment, among other factors that have to be taken into account for the preparation of new projects to undertake our clients by reviewing in detail the viability of the business\u00a0<\/p>\t\t\t\t\t\t\t\t<\/div>\n\t\t\t\t<\/div>\n\t\t\t\t\t<\/div>\n\t\t\t\t<\/div>\n\t\t<div class=\"elementor-element elementor-element-32e2af4 e-flex e-con-boxed e-con e-parent\" data-id=\"32e2af4\" data-element_type=\"container\" data-e-type=\"container\">\n\t\t\t\t\t<div class=\"e-con-inner\">\n\t\t<div class=\"elementor-element elementor-element-12fab90 e-con-full e-flex e-con e-child\" data-id=\"12fab90\" data-element_type=\"container\" data-e-type=\"container\">\n\t\t\t\t<div class=\"elementor-element elementor-element-3b602a3 elementor-widget elementor-widget-heading\" data-id=\"3b602a3\" data-element_type=\"widget\" data-e-type=\"widget\" data-widget_type=\"heading.default\">\n\t\t\t\t\t<h3 class=\"elementor-heading-title elementor-size-default\">9. Management of projects in the outdoor <\/h3>\t\t\t\t<\/div>\n\t\t\t\t<\/div>\n\t\t<div class=\"elementor-element elementor-element-9b24eb6 e-con-full e-flex e-con e-child\" data-id=\"9b24eb6\" data-element_type=\"container\" data-e-type=\"container\">\n\t\t\t\t<div class=\"elementor-element elementor-element-2d60591 elementor-widget elementor-widget-text-editor\" data-id=\"2d60591\" data-element_type=\"widget\" data-e-type=\"widget\" data-widget_type=\"text-editor.default\">\n\t\t\t\t\t\t\t\t\t<p>En b\u00fasqueda de diversificar las inversiones de nuestros clientes en el exterior la compa\u00f1\u00eda ofrece a nuestros clientes promoci\u00f3n de proyectos inmobiliarios principalmente en Florida, Miami, Orlando, Dub\u00e1i, entre otras ciudades de inter\u00e9s con el fin de satisfacer las necesidades de nuestros clientes que desean percibir rentas en moneda extranjera, principalmente USD,EURO, AUD(DIRHAM).<\/p>\t\t\t\t\t\t\t\t<\/div>\n\t\t\t\t<\/div>\n\t\t\t\t\t<\/div>\n\t\t\t\t<\/div>\n\t\t<div class=\"elementor-element elementor-element-ed57bc3 e-flex e-con-boxed e-con e-parent\" data-id=\"ed57bc3\" data-element_type=\"container\" data-e-type=\"container\">\n\t\t\t\t\t<div class=\"e-con-inner\">\n\t\t<div class=\"elementor-element elementor-element-f5cc9f9 e-con-full e-flex e-con e-child\" data-id=\"f5cc9f9\" data-element_type=\"container\" data-e-type=\"container\">\n\t\t\t\t<div class=\"elementor-element elementor-element-828332d elementor-widget elementor-widget-heading\" data-id=\"828332d\" data-element_type=\"widget\" data-e-type=\"widget\" data-widget_type=\"heading.default\">\n\t\t\t\t\t<h3 class=\"elementor-heading-title elementor-size-default\">10.Consulting in real estate law<\/h3>\t\t\t\t<\/div>\n\t\t\t\t<\/div>\n\t\t<div class=\"elementor-element elementor-element-11a98e8 e-con-full e-flex e-con e-child\" data-id=\"11a98e8\" data-element_type=\"container\" data-e-type=\"container\">\n\t\t\t\t<div class=\"elementor-element elementor-element-5c786b9 elementor-widget elementor-widget-text-editor\" data-id=\"5c786b9\" data-element_type=\"widget\" data-e-type=\"widget\" data-widget_type=\"text-editor.default\">\n\t\t\t\t\t\t\t\t\t<p>The real estate sector, one of the most dynamic and growth over the past few years, requires an advice close and continuous in order to prevent problems and conflicts from before the start of any project and beyond completion. Our attorneys are experts in the field of real estate we provide a comprehensive service that includes studies of titles, support in obtaining permits and licenses for construction, and support in the processes of buying and selling, among others.<\/p><p>Our goal is to ensure that every real estate project is to develop efficiently and smoothly, providing peace of mind and confidence to our clients.<\/p>\t\t\t\t\t\t\t\t<\/div>\n\t\t\t\t<\/div>\n\t\t<div class=\"elementor-element elementor-element-c7f23f1 e-con-full e-flex e-con e-child\" data-id=\"c7f23f1\" data-element_type=\"container\" data-e-type=\"container\">\n\t\t\t\t<div class=\"elementor-element elementor-element-422763b elementor-widget elementor-widget-heading\" data-id=\"422763b\" data-element_type=\"widget\" data-e-type=\"widget\" data-widget_type=\"heading.default\">\n\t\t\t\t\t<h3 class=\"elementor-heading-title elementor-size-default\">11. Consulting in immigration law<\/h3>\t\t\t\t<\/div>\n\t\t\t\t<\/div>\n\t\t<div class=\"elementor-element elementor-element-29bd235 e-con-full e-flex e-con e-child\" data-id=\"29bd235\" data-element_type=\"container\" data-e-type=\"container\">\n\t\t\t\t<div class=\"elementor-element elementor-element-b7d31db elementor-widget elementor-widget-text-editor\" data-id=\"b7d31db\" data-element_type=\"widget\" data-e-type=\"widget\" data-widget_type=\"text-editor.default\">\n\t\t\t\t\t\t\t\t\t<p>We specialize in immigration law with the goal of helping entrepreneurs and foreign investors to regularize the migratory situation as investors inside and outside of the colombian territory.<\/p><p>We take care of the whole process, from the analysis of the best visa option and the collection of documents, filing and response requirements, ensuring a smooth process and without complications.<\/p><p>Our attorneys have extensive experience in immigration are experts in all types of visa in Colombia and abroad. Assist you in obtaining the certificate of immigration, visas for nomads digital, investors, work permits, permanent residence in Colombia and among others.<\/p>\t\t\t\t\t\t\t\t<\/div>\n\t\t\t\t<\/div>\n\t\t\t\t\t<\/div>\n\t\t\t\t<\/div>\n\t\t\t\t<\/div>","protected":false},"excerpt":{"rendered":"<p>Nuestro portafolio de servicios Portafolio de servicios 1. comercializaci\u00f3n de proyectos inmobiliarios Colombia Se apoya al constructor en la gesti\u00f3n comercial de su portafolio inmobiliario a nivel nacional con el fin de referenciar clientes potenciales calificados con un inter\u00e9s alto para la compra de bienes inmuebles bien sea para entrega inmediata o sobre planos de [&hellip;]<\/p>\n","protected":false},"author":1,"featured_media":0,"parent":0,"menu_order":0,"comment_status":"closed","ping_status":"closed","template":"template\/template-homepage.php","meta":{"content-type":"","footnotes":""},"class_list":["post-19985","page","type-page","status-publish","hentry"],"_links":{"self":[{"href":"https:\/\/inviertenuevo.co\/en\/wp-json\/wp\/v2\/pages\/19985","targetHints":{"allow":["GET"]}}],"collection":[{"href":"https:\/\/inviertenuevo.co\/en\/wp-json\/wp\/v2\/pages"}],"about":[{"href":"https:\/\/inviertenuevo.co\/en\/wp-json\/wp\/v2\/types\/page"}],"author":[{"embeddable":true,"href":"https:\/\/inviertenuevo.co\/en\/wp-json\/wp\/v2\/users\/1"}],"replies":[{"embeddable":true,"href":"https:\/\/inviertenuevo.co\/en\/wp-json\/wp\/v2\/comments?post=19985"}],"version-history":[{"count":43,"href":"https:\/\/inviertenuevo.co\/en\/wp-json\/wp\/v2\/pages\/19985\/revisions"}],"predecessor-version":[{"id":20355,"href":"https:\/\/inviertenuevo.co\/en\/wp-json\/wp\/v2\/pages\/19985\/revisions\/20355"}],"wp:attachment":[{"href":"https:\/\/inviertenuevo.co\/en\/wp-json\/wp\/v2\/media?parent=19985"}],"curies":[{"name":"wp","href":"https:\/\/api.w.org\/{rel}","templated":true}]}}