{"id":19873,"date":"2025-08-28T15:55:29","date_gmt":"2025-08-28T15:55:29","guid":{"rendered":"https:\/\/inviertenuevo.co\/?page_id=19873"},"modified":"2025-08-28T15:56:46","modified_gmt":"2025-08-28T15:56:46","slug":"constructoras","status":"publish","type":"page","link":"https:\/\/inviertenuevo.co\/en\/constructoras\/","title":{"rendered":"Construction"},"content":{"rendered":"\t\t<div data-elementor-type=\"wp-page\" data-elementor-id=\"19873\" class=\"elementor elementor-19873\" data-elementor-post-type=\"page\">\n\t\t\t\t\t\t<section class=\"elementor-section elementor-top-section elementor-element elementor-element-5ec2734 elementor-section-boxed elementor-section-height-default elementor-section-height-default\" data-id=\"5ec2734\" data-element_type=\"section\" data-e-type=\"section\">\n\t\t\t\t\t\t<div class=\"elementor-container elementor-column-gap-default\">\n\t\t\t\t\t<div class=\"elementor-column elementor-col-100 elementor-top-column elementor-element elementor-element-e1bd41f\" data-id=\"e1bd41f\" data-element_type=\"column\" data-e-type=\"column\">\n\t\t\t<div class=\"elementor-widget-wrap elementor-element-populated\">\n\t\t\t\t\t\t<div class=\"elementor-element elementor-element-49cbafe elementor-widget elementor-widget-houzez_elementor_space\" data-id=\"49cbafe\" data-element_type=\"widget\" data-e-type=\"widget\" data-widget_type=\"houzez_elementor_space.default\">\n\t\t\t\t<div class=\"elementor-widget-container\">\n\t\t\t\t\t        <div class=\"houzez-spacer\">\n            <div class=\"houzez-spacer-inner\"><\/div>\n        <\/div>\n        \t\t\t\t<\/div>\n\t\t\t\t<\/div>\n\t\t\t\t<section class=\"elementor-section elementor-inner-section elementor-element elementor-element-6efd58c animated-slow elementor-section-boxed elementor-section-height-default elementor-section-height-default elementor-invisible\" data-id=\"6efd58c\" data-element_type=\"section\" data-e-type=\"section\" data-settings=\"{&quot;background_background&quot;:&quot;classic&quot;,&quot;animation&quot;:&quot;fadeIn&quot;}\">\n\t\t\t\t\t\t<div class=\"elementor-container elementor-column-gap-no\">\n\t\t\t\t\t<div class=\"elementor-column elementor-col-100 elementor-inner-column elementor-element elementor-element-856004d\" data-id=\"856004d\" data-element_type=\"column\" data-e-type=\"column\">\n\t\t\t<div class=\"elementor-widget-wrap elementor-element-populated\">\n\t\t\t\t\t\t<div class=\"elementor-element elementor-element-8ff1404 elementor-widget elementor-widget-text-editor\" data-id=\"8ff1404\" data-element_type=\"widget\" data-e-type=\"widget\" data-widget_type=\"text-editor.default\">\n\t\t\t\t\t\t\t\t\t<p>POTENCIALIZA TUS PROYECTOS INMOBILIARIOS Y AMPL\u00cdA LAS OPORTUNIDADES DE VENTA EN EL EXTERIOR<\/p><p>El mercado inmobiliario colombiano en el exterior requiere de una asesor\u00eda integral 360\u00b0 bajo un acompa\u00f1amiento permanente a cada uno de los clientes, no solamente en la oferta segura y confiable de inmuebles, sino tambi\u00e9n en el apoyo para lograr la financiaci\u00f3n y el pago de la cuota inicial de sus proyectos inmobiliarios desde el exterior con monedas extranjeras.<br \/>Durante m\u00e1s de 15 a\u00f1os de trayectoria, INVIERTE NUEVO se ha especializado no solo en ofrecer oportunidades inmobiliarias, sino tambi\u00e9n en asesorar y acompa\u00f1ar la financiaci\u00f3n de los inmuebles y el env\u00edo de divisas para el pago de los mismos.<br \/><br \/>Estas dos etapas complementarias son servicios especializados que ofrecemos a todas aquellas constructoras interesadas en garantizar ventas efectivas desde el exterior.<br \/><br \/>Cont\u00e1ctanos para ser una constructora aliada y obt\u00e9n los beneficios que te brinda\u00a0invierte\u00a0nuevo.<\/p>\t\t\t\t\t\t\t\t<\/div>\n\t\t\t\t<div class=\"elementor-element elementor-element-2fbd6a8 elementor-widget elementor-widget-wpforms\" data-id=\"2fbd6a8\" data-element_type=\"widget\" data-e-type=\"widget\" data-widget_type=\"wpforms.default\">\n\t\t\t\t<div class=\"elementor-widget-container\">\n\t\t\t\t\t<div class=\"wpforms-container wpforms-container-full wpforms-render-modern\" id=\"wpforms-19870\"><form id=\"wpforms-form-19870\" class=\"wpforms-validate wpforms-form wpforms-ajax-form\" data-formid=\"19870\" method=\"post\" enctype=\"multipart\/form-data\" action=\"\/en\/wp-json\/wp\/v2\/pages\/19873\" data-token=\"6331b942c3d23fa8b757b6b072a5c10e\" data-token-time=\"1778816721\"><noscript class=\"wpforms-error-noscript\">Please enable JavaScript in your browser to complete this form.<\/noscript><div id=\"wpforms-error-noscript\" style=\"display: none;\">Please enable JavaScript in your browser to complete this form.<\/div><div class=\"wpforms-field-container\"><div id=\"wpforms-19870-field_1-container\" class=\"wpforms-field wpforms-field-name\" data-field-type=\"name\" data-field-id=\"1\"><fieldset><legend class=\"wpforms-field-label\">Nombre Completo <span class=\"wpforms-required-label\" aria-hidden=\"true\">*<\/span><\/legend><div class=\"wpforms-field-row wpforms-field-medium\"><div class=\"wpforms-field-row-block wpforms-first wpforms-one-half\"><input type=\"text\" id=\"wpforms-19870-field_1\" class=\"wpforms-field-name-first wpforms-field-required\" name=\"wpforms[fields][1][first]\" aria-errormessage=\"wpforms-19870-field_1-error\" required><label for=\"wpforms-19870-field_1\" class=\"wpforms-field-sublabel after\">First<\/label><\/div><div class=\"wpforms-field-row-block wpforms-one-half\"><input type=\"text\" id=\"wpforms-19870-field_1-last\" class=\"wpforms-field-name-last wpforms-field-required\" name=\"wpforms[fields][1][last]\" aria-errormessage=\"wpforms-19870-field_1-last-error\" required><label for=\"wpforms-19870-field_1-last\" class=\"wpforms-field-sublabel after\">Last<\/label><\/div><\/div><\/fieldset><\/div><div id=\"wpforms-19870-field_3-container\" class=\"wpforms-field wpforms-field-email\" data-field-type=\"email\" data-field-id=\"3\"><label class=\"wpforms-field-label\" for=\"wpforms-19870-field_3\">Email <span class=\"wpforms-required-label\" aria-hidden=\"true\">*<\/span><\/label><input type=\"email\" id=\"wpforms-19870-field_3\" class=\"wpforms-field-medium wpforms-field-required\" name=\"wpforms[fields][3]\" spellcheck=\"false\" aria-errormessage=\"wpforms-19870-field_3-error\" required><\/div><div id=\"wpforms-19870-field_4-container\" class=\"wpforms-field wpforms-field-phone\" data-field-type=\"phone\" data-field-id=\"4\"><label class=\"wpforms-field-label\" for=\"wpforms-19870-field_4\">Tel\u00e9fono de contacto <\/label><input type=\"tel\" id=\"wpforms-19870-field_4\" class=\"wpforms-field-medium wpforms-smart-phone-field\" data-rule-smart-phone-field=\"true\" name=\"wpforms[fields][4]\" aria-label=\"Tel\u00e9fono de contacto \" aria-errormessage=\"wpforms-19870-field_4-error\" ><\/div><div id=\"wpforms-19870-field_18-container\" class=\"wpforms-field wpforms-field-text\" data-field-type=\"text\" data-field-id=\"18\"><label class=\"wpforms-field-label\" for=\"wpforms-19870-field_18\">Nombre de la Empresa<\/label><input type=\"text\" id=\"wpforms-19870-field_18\" class=\"wpforms-field-medium\" name=\"wpforms[fields][18]\" aria-errormessage=\"wpforms-19870-field_18-error\" aria-describedby=\"wpforms-19870-field_18-description\" ><div id=\"wpforms-19870-field_18-description\" class=\"wpforms-field-description\">Ingresa el nombre de tu empresa<\/div><\/div>\t\t<div id=\"wpforms-19870-field_2-container\"\n\t\t\tclass=\"wpforms-field wpforms-field-text\"\n\t\t\tdata-field-type=\"text\"\n\t\t\tdata-field-id=\"2\"\n\t\t\t>\n\t\t\t<label class=\"wpforms-field-label\" for=\"wpforms-19870-field_2\" >de Nombre Completo<\/label>\n\t\t\t<input type=\"text\" id=\"wpforms-19870-field_2\" class=\"wpforms-field-medium\" name=\"wpforms[fields][2]\" >\n\t\t<\/div>\n\t\t<div id=\"wpforms-19870-field_17-container\" class=\"wpforms-field wpforms-field-checkbox\" data-field-type=\"checkbox\" data-field-id=\"17\"><fieldset><legend class=\"wpforms-field-label\">Uso de Datos Personales  <span class=\"wpforms-required-label\" aria-hidden=\"true\">*<\/span><\/legend><ul id=\"wpforms-19870-field_17\" class=\"wpforms-field-required\" data-choice-limit=\"1\"><li class=\"choice-1 depth-1\"><input type=\"checkbox\" id=\"wpforms-19870-field_17_1\" data-rule-check-limit=\"true\" name=\"wpforms[fields][17][]\" value=\"Acepta el tratamiento de datos personales por parte de Inviertenuevo.co\" aria-errormessage=\"wpforms-19870-field_17_1-error\" aria-describedby=\"wpforms-19870-field_17-description\" required ><label class=\"wpforms-field-label-inline\" for=\"wpforms-19870-field_17_1\">Acepta el tratamiento de datos personales por parte de Inviertenuevo.co<\/label><\/li><\/ul><div id=\"wpforms-19870-field_17-description\" class=\"wpforms-field-description wpforms-disclaimer-description\">El presente aviso de privacidad (el \u201cAviso\u201d) establece los t\u00e9rminos y condiciones, en virtud de los cuales, INVIERTE NUEVO S.A.S , sociedad comercial identificada con el N.I.T. 901.932.624-3 y con domicilio en la ciudad de Bogot\u00e1 D.C. (\u201cINVIERTE NUEVO S.A.S\u201d o la \u201cCompa\u00f1\u00eda\u201d), realizar\u00e1 el tratamiento de los datos personales provenientes de las personas naturales interesadas en (i) la compra de las unidades y\/o proyectos inmobiliarios gerenciados, dise\u00f1ados, comercializados, construidos y\/o supervisados por GRUPO DACARI;<br \/>\n(i) adquirir servicios y\/o productos ofrecidos por la Compa\u00f1\u00eda; y (ii) en general, de potenciales clientes, clientes, exclientes, proveedores, contratistas, candidatos a empleados, empleados, exempleados y colaboradores de la Compa\u00f1\u00eda (conjuntamente, los \u201cTitulares\u201d o individualmente considerados como el \u201cTitular\u201d).<br \/>\nEl presente Aviso se regir\u00e1 de acuerdo con lo dispuesto en la normatividad colombiana aplicable al tratamiento de datos personales de los Titulares y de conformidad con lo establecido en el Manual de Pol\u00edticas y Procedimientos de Protecci\u00f3n de Datos Personales y de Privacidad de GRUPO DACARI., el cual se encuentra disponible para la consulta del Titular, en cualquier momento, en la p\u00e1gina web de la Compa\u00f1\u00eda: WWW.INVIERTENUEVO.CO (el \u201cManual\u201d).<br \/>\n1.\tTRATAMIENTO Y FINALIDAD<br \/>\n<br \/>\nI.\tEl tratamiento que realizar\u00e1 INVIERTE NUEVO S.A.S respecto de los datos personales de los Titulares estar\u00e1 encaminado a la recolecci\u00f3n, almacenamiento, uso, circulaci\u00f3n, actualizaci\u00f3n y\/o supresi\u00f3n de la informaci\u00f3n, en virtud de las siguientes finalidades: Efectuar las gestiones pertinentes para el desarrollo del objeto de la alianza o contrato celebrado entre la Compa\u00f1\u00eda y el Titular, en ejecuci\u00f3n de las actividades comerciales derivadas del objeto social de la Compa\u00f1\u00eda.<br \/>\nII.\tRemisi\u00f3n de informaci\u00f3n a los Titulares relacionada con el objeto social de la Compa\u00f1\u00eda, gesti\u00f3n contable, fiscal y administrativa, verificaci\u00f3n de requisitos jur\u00eddicos, t\u00e9cnicos y\/o financieros.<br \/>\nIII.\tPublicidad y prospecci\u00f3n comercial, ofrecimiento de productos y servicios.<br \/>\nIV.\tRelaciones comerciales, invitaci\u00f3n a eventos o recepciones sociales y\/o administrativas.<br \/>\nV.\tRealizar campa\u00f1as comerciales y actividades de mercadeo.<br \/>\nVI.\tGestionar tr\u00e1mites, solicitudes, quejas y reclamos.<br \/>\nVII.\tEfectuar encuestas de satisfacci\u00f3n respecto de los bienes y servicios ofrecidos por la compa\u00f1\u00eda.<br \/>\nVIII.\tContactar al Titular a trav\u00e9s de medios telef\u00f3nicos o medios electr\u00f3nicos para realizar encuestas, estudios y\/o confirmaci\u00f3n de datos personales necesarios para la ejecuci\u00f3n de una relaci\u00f3n contractual.<br \/>\nIX.\tContactar al Titular a trav\u00e9s de medios electr\u00f3nicos, redes sociales \u2013 SMS o chat para el env\u00edo de noticias relacionadas con campa\u00f1as de fidelizaci\u00f3n o mejora de servicio.<br \/>\nX.\tContactar al Titular a trav\u00e9s de correo electr\u00f3nico para el env\u00edo de extractos, estados de cuenta o facturas en relaci\u00f3n con las obligaciones derivadas del contrato celebrado entre las partes.<br \/>\nXI.\tDar cumplimiento a las obligaciones contra\u00eddas por INVIERTE NUEVO S.A.S con el<br \/>\n <br \/>\nTitular, recursos humanos y gesti\u00f3n de n\u00f3mina, en relaci\u00f3n con el pago de salarios, prestaciones sociales y dem\u00e1s retribuciones consagradas en el contrato de trabajo o seg\u00fan lo disponga la ley.<br \/>\nXII.\tOfrecer programas de bienestar corporativo y planificar actividades empresariales para el Titular y sus beneficiarios (hijos, c\u00f3nyuge o, compa\u00f1ero permanente).<br \/>\nXIII.\tHacer consultas de antecedentes penales, judiciales, disciplinarios, comerciales y financieros del Titular en listas p\u00fablicas o privadas.<br \/>\nXIV.\tAtender requerimientos de organismos de control y vigilancia.<br \/>\nXV.\tAcceder y consultar los datos personales en las centrales de informaci\u00f3n crediticia y financiera, y recabar informaci\u00f3n relevante del comportamiento crediticio del Titular. Para el tratamiento de datos personales conforme a esta finalidad, la Compa\u00f1\u00eda expresamente informar\u00e1 al usuario sobre dicho tratamiento.<br \/>\nXVI.\tCompartir los datos personales del Titular con entidades financieras en aquellos casos en los cuales el Titular desee contratar un servicio con aquellas, encaminado a la adquisici\u00f3n de unidades y\/o proyectos inmobiliarios construidos, gerenciados, dise\u00f1ados, comercializados y\/o supervisados por INVIERTE NUEVO S.A.S.<br \/>\nXVII.\tTransferir los datos personales del Titular, a terceros, proveedores de bienes o servicios, y aliados comerciales de la Compa\u00f1\u00eda, seg\u00fan sea necesario para efectos del cumplimiento de las obligaciones derivadas de las relaciones existentes con los Titulares. El Titular autoriza de manera voluntaria, previa y expresa a la Compa\u00f1\u00eda, para dar a conocer, transferir y\/o transmitir sus datos personales, dentro y fuera del pa\u00eds, a terceros como resultado de la celebraci\u00f3n de un contrato, alianza, v\u00ednculo l\u00edcito o disposici\u00f3n legal que as\u00ed lo requiera.<br \/>\nXVIII.\tLas dem\u00e1s actividades relacionadas con el desarrollo del objeto social de la Compa\u00f1\u00eda y que resulten del desarrollo de la relaci\u00f3n que tenga con el Titular.<br \/>\n2.\tDERECHOS DEL TITULAR<br \/>\n<br \/>\nComo Titular de sus datos personales, usted tiene derecho a:<br \/>\nI.\tAcceder en forma gratuita a los datos proporcionados que hayan sido objeto de tratamiento.<br \/>\nII.\tConocer, actualizar y rectificar su informaci\u00f3n frente a datos parciales, inexactos, incompletos, fraccionados, que induzcan a error, o a aquellos cuyo tratamiento est\u00e9 prohibido o no haya sido autorizado.<br \/>\nIII.\tSolicitar prueba de la autorizaci\u00f3n otorgada.<br \/>\nIV.\tPresentar ante la Superintendencia de Industria y Comercio (SIC) quejas por infracciones a lo dispuesto en la normatividad vigente.<br \/>\nV.\tRevocar la autorizaci\u00f3n y\/o solicitar la supresi\u00f3n del dato, siempre que no exista un deber legal o contractual que impida eliminarlos.<br \/>\nAbstenerse de responder las preguntas sobre datos sensibles. Tendr\u00e1 car\u00e1cter facultativo las respuestas que versen sobre datos sensibles o sobre datos de las ni\u00f1as y ni\u00f1os y adolescentes.<br \/>\n <br \/>\n3.\tDEBERES DEL RESPONSABLE Y ENCARGADO DEL TRATAMIENTO<br \/>\n<br \/>\nGRUPO DACARI cumplir\u00e1 estrictamente los siguientes deberes de acuerdo con la calidad que ostente respecto al tratamiento de los datos personales de los Titulares en cada caso concreto:<br \/>\n<br \/>\nDEBERES\tDEL\tRESPONSABLE\tDEL<br \/>\nTRATAMIENTO\tDEBERES\tDEL<br \/>\nTRATAMIENTO\tENCARGADO\tDEL<br \/>\nGarantizar al Titular el pleno y efectivo ejercicio<br \/>\ndel derecho al h\u00e1beas data.\tGarantizar al Titular el pleno y efectivo ejercicio<br \/>\ndel derecho al h\u00e1beas data.<br \/>\nSolicitar y conservar copia de la autorizaci\u00f3n<br \/>\notorgada por el Titular.\tConservar la informaci\u00f3n bajo condiciones de<br \/>\nseguridad id\u00f3neas.<br \/>\nInformar al Titular sobre la finalidad de la<br \/>\nrecolecci\u00f3n y los derechos que le asisten.\tRealizar\toportunamente\tla\tactualizaci\u00f3n,<br \/>\nrectificaci\u00f3n o supresi\u00f3n de los datos.<br \/>\nConservar la informaci\u00f3n bajo condiciones de seguridad id\u00f3neas.\tActualizar la informaci\u00f3n reportada por los<br \/>\nresponsables dentro de los cinco (5) d\u00edas h\u00e1biles contados a partir de su recibo.<br \/>\nGarantizar que la informaci\u00f3n que se suministre al encargado sea veraz, completa, exacta, actualizada, comprobable y<br \/>\ncomprensible.\t<br \/>\nTramitar las consultas y reclamos dentro de los t\u00e9rminos de la ley.<br \/>\nActualizar la informaci\u00f3n, comunicando oportunamente al encargado todas las novedades respecto de los datos que previamente se le hayan suministrado y adoptar medidas para que la informaci\u00f3n se<br \/>\nmantenga actualizada.\t<br \/>\n<br \/>\nAdoptar\tel\tManual cumplimiento de la ley.\t<br \/>\n<br \/>\npara\t<br \/>\n<br \/>\ngarantizar\t<br \/>\n<br \/>\nel<br \/>\nRectificar la informaci\u00f3n cuando sea incorrecta<br \/>\ne informar al encargado.\tRegistrar en la base de datos la leyenda<br \/>\n\u201creclamo en tr\u00e1mite\u201d en los t\u00e9rminos de la ley.<br \/>\n<br \/>\n\u00danicamente proporcionar al encargado datos cuyo tratamiento est\u00e9 autorizado.\tInsertar en la base de datos la leyenda \u201cinformaci\u00f3n en discusi\u00f3n judicial\u201d una vez se haya notificado por parte de la autoridad competente sobre procesos judiciales<br \/>\nrelacionados con la calidad del dato personal.<br \/>\nExigir al encargado el respeto a las condiciones de seguridad y privacidad de la informaci\u00f3n del Titular.\tAbstenerse de circular informaci\u00f3n que est\u00e9 siendo controvertida por el Titular y cuyo bloqueo ha sido ordenado por la<br \/>\nSuperintendencia de Industria y Comercio.<br \/>\nTramitar las consultas y reclamos dentro de los t\u00e9rminos de la ley y del Manual.\tPermitir el acceso a la informaci\u00f3n \u00fanicamente a personas que pueden tener acceso a ella.<br \/>\nAdoptar\tel\tManual cumplimiento de la ley.\tpara\tgarantizar\tel\tCumplir con las instrucciones y requerimientos<br \/>\nque imparta la Superintendencia de Industria y Comercio.<br \/>\nInformar al Titular sobre el uso dado a sus<br \/>\ndatos personales.\t<br \/>\nInformar al encargado del tratamiento cuando<br \/>\ndeterminada  informaci\u00f3n  se  encuentra  en\t<br \/>\n <br \/>\n<br \/>\nDEBERES\tDEL\tRESPONSABLE\tDEL<br \/>\nTRATAMIENTO\tDEBERES\tDEL\tENCARGADO\tDEL<br \/>\nTRATAMIENTO<br \/>\ndiscusi\u00f3n por parte del Titular, una vez se haya<br \/>\npresentado la reclamaci\u00f3n y no haya finalizado el tr\u00e1mite respectivo.\t<br \/>\nInformar a la autoridad de protecci\u00f3n de datos (Superintendencia de Industria y Comercio) cuando se presenten violaciones a los c\u00f3digos de seguridad y exista riesgo para la informaci\u00f3n<br \/>\nde los Titulares.\t<br \/>\nCumplir con las instrucciones y requerimientos<br \/>\nque imparta la Superintendencia de Industria y Comercio.\t<br \/>\n<br \/>\nEn caso de que concurran las calidades de responsable del tratamiento y encargado del tratamiento en GRUPO DACARI, le ser\u00e1 exigible el cumplimiento de los deberes previstos para cada uno de \u00e9stos.<br \/>\n4.\tCANALES DE ATENCI\u00d3N AL TITULAR DE LOS DATOS<br \/>\n<br \/>\nGRUPO DACARI establece como canales de comunicaci\u00f3n y atenci\u00f3n a sus Titulares los siguientes:<br \/>\nDirecci\u00f3n F\u00edsica:\tAV EL POBLADO # 1 \u2013 50 <br \/>\nTel\u00e9fono:\t(+57) 3212707244<br \/>\nCelular:\t(+57) 3008202343<br \/>\nCorreo electr\u00f3nico:\tinfo@inviertenuevo.co<br \/>\nP\u00e1gina Web:\twww.inviertenuevo.co<br \/>\n<br \/>\n5.\tPROCEDIMIENTO PARA TRATAMIENTO DE PQRS<br \/>\n<br \/>\nRecepci\u00f3n PQRS \u2013 Tratamiento de datos: Toda solicitud del Titular del dato para conocer, corregir, actualizar y\/o suprimir sus datos personales o para revocar la autorizaci\u00f3n en los casos establecidos en la Ley 1581 de 2012, recibidas a trav\u00e9s de correo o buz\u00f3n electr\u00f3nico se direccionar\u00e1n as\u00ed:<br \/>\nI.\tRecibida la solicitud a trav\u00e9s del buz\u00f3n designado info@inviertenuevo.co<br \/>\nII.\tSe revisar\u00e1 si la solicitud est\u00e1 completa; en caso contrario, si est\u00e1 incompleta, se deber\u00e1 contactar al Titular en un plazo no mayor a cinco (5) d\u00edas h\u00e1biles a trav\u00e9s de correo electr\u00f3nico, telef\u00f3nicamente y\/o correspondencia; e indicar el procedimiento que debe seguir, para hacer efectiva la solicitud, y se registrar\u00e1 en la base de datos con la observaci\u00f3n \u201creclamo incompleto\u201d.<br \/>\nIII.\tLa solicitud ser\u00e1 direccionada al \u00e1rea correspondiente (seg\u00fan el asunto de la PQRS)<br \/>\nIV.\tTodos los reclamos y\/o PQRS se responder\u00e1n en un t\u00e9rmino m\u00e1ximo para atender el reclamo de quince (15) d\u00edas h\u00e1biles contados a partir del d\u00eda siguiente a la fecha de su recibo y completitud.<br \/>\nV.\tSi la causa de la PQRS que se invoca es la vulneraci\u00f3n de un derecho (DERECHO VULNERADO), se deber\u00e1 redireccionar al \u00e1rea Jur\u00eddica de INVIERTE NUEVO S.A.S, para su tratamiento, revisi\u00f3n, soluci\u00f3n y respuesta que ser\u00e1 devuelta a trav\u00e9s del correo info@inviertenuevo.co<br \/>\n <br \/>\nVI.\tSe deber\u00e1 notificar al Titular de la soluci\u00f3n de su PQRS a trav\u00e9s del canal elegido por el Titular.<br \/>\n<br \/>\n<br \/>\n6.\tVIGENCIA<br \/>\n<br \/>\nEste Aviso rige a partir de su fecha de publicaci\u00f3n y estar\u00e1 vigente durante el tiempo en que INVIERTE NUEVO S.A.S ejecute las finalidades descritas en el presente documento y podr\u00e1 ser modificado en cualquier momento con el objeto de adaptarlo a nuevas pr\u00e1cticas que desarrollen novedades legislativas o jurisprudenciales en la materia.<br \/>\n<br \/>\nCualquier actualizaci\u00f3n del Aviso se pondr\u00e1 a disposici\u00f3n de los Titulares en la p\u00e1gina web de INVIERTE NUEVO S.A.S disponible en: www.inviertenuevo.co o en cualquier otro medio que se considere pertinente, indicando la fecha de entrada en vigencia de la correspondiente modificaci\u00f3n o actualizaci\u00f3n, seg\u00fan aplique.<br \/>\n<\/div><\/fieldset><\/div><script>\n\t\t\t\t( function() {\n\t\t\t\t\tconst style = document.createElement( 'style' );\n\t\t\t\t\tstyle.appendChild( document.createTextNode( '#wpforms-19870-field_2-container { position: absolute !important; overflow: hidden !important; display: inline !important; height: 1px !important; width: 1px !important; z-index: -1000 !important; padding: 0 !important; } #wpforms-19870-field_2-container input { visibility: hidden; } #wpforms-conversational-form-page #wpforms-19870-field_2-container label { counter-increment: none; }' ) );\n\t\t\t\t\tdocument.head.appendChild( style );\n\t\t\t\t\tdocument.currentScript?.remove();\n\t\t\t\t} )();\n\t\t\t<\/script><\/div><!-- .wpforms-field-container --><div class=\"wpforms-submit-container\" ><input type=\"hidden\" name=\"wpforms[id]\" value=\"19870\"><input type=\"hidden\" name=\"page_title\" value=\"\"><input type=\"hidden\" name=\"page_url\" value=\"https:\/\/inviertenuevo.co\/en\/wp-json\/wp\/v2\/pages\/19873\"><input type=\"hidden\" name=\"url_referer\" value=\"\"><button type=\"submit\" name=\"wpforms[submit]\" id=\"wpforms-submit-19870\" class=\"wpforms-submit\" data-alt-text=\"Sending...\" data-submit-text=\"Submit\" aria-live=\"assertive\" value=\"wpforms-submit\">Submit<\/button><img decoding=\"async\" src=\"https:\/\/inviertenuevo.co\/wp-content\/plugins\/wpforms\/assets\/images\/submit-spin.svg\" class=\"wpforms-submit-spinner\" style=\"display: none;\" width=\"26\" height=\"26\" alt=\"Loading\"><\/div><\/form><\/div>  <!-- .wpforms-container -->\t\t\t\t<\/div>\n\t\t\t\t<\/div>\n\t\t\t\t\t<\/div>\n\t\t<\/div>\n\t\t\t\t\t<\/div>\n\t\t<\/section>\n\t\t\t\t<div class=\"elementor-element elementor-element-eb5dd10 elementor-widget elementor-widget-spacer\" data-id=\"eb5dd10\" data-element_type=\"widget\" data-e-type=\"widget\" data-widget_type=\"spacer.default\">\n\t\t\t\t\t\t\t<div class=\"elementor-spacer\">\n\t\t\t<div class=\"elementor-spacer-inner\"><\/div>\n\t\t<\/div>\n\t\t\t\t\t\t<\/div>\n\t\t\t\t\t<\/div>\n\t\t<\/div>\n\t\t\t\t\t<\/div>\n\t\t<\/section>\n\t\t\t\t<\/div>\n\t\t","protected":false},"excerpt":{"rendered":"<p>POTENCIALIZA TUS PROYECTOS INMOBILIARIOS Y AMPL\u00cdA LAS OPORTUNIDADES DE VENTA EN EL EXTERIOR El mercado inmobiliario colombiano en el exterior requiere de una asesor\u00eda integral 360\u00b0 bajo un acompa\u00f1amiento permanente a cada uno de los clientes, no solamente en la oferta segura y confiable de inmuebles, sino tambi\u00e9n en el apoyo para lograr la financiaci\u00f3n [&hellip;]<\/p>\n","protected":false},"author":1,"featured_media":0,"parent":0,"menu_order":0,"comment_status":"closed","ping_status":"closed","template":"template\/template-homepage.php","meta":{"content-type":"","footnotes":""},"class_list":["post-19873","page","type-page","status-publish","hentry"],"_links":{"self":[{"href":"https:\/\/inviertenuevo.co\/en\/wp-json\/wp\/v2\/pages\/19873","targetHints":{"allow":["GET"]}}],"collection":[{"href":"https:\/\/inviertenuevo.co\/en\/wp-json\/wp\/v2\/pages"}],"about":[{"href":"https:\/\/inviertenuevo.co\/en\/wp-json\/wp\/v2\/types\/page"}],"author":[{"embeddable":true,"href":"https:\/\/inviertenuevo.co\/en\/wp-json\/wp\/v2\/users\/1"}],"replies":[{"embeddable":true,"href":"https:\/\/inviertenuevo.co\/en\/wp-json\/wp\/v2\/comments?post=19873"}],"version-history":[{"count":4,"href":"https:\/\/inviertenuevo.co\/en\/wp-json\/wp\/v2\/pages\/19873\/revisions"}],"predecessor-version":[{"id":19877,"href":"https:\/\/inviertenuevo.co\/en\/wp-json\/wp\/v2\/pages\/19873\/revisions\/19877"}],"wp:attachment":[{"href":"https:\/\/inviertenuevo.co\/en\/wp-json\/wp\/v2\/media?parent=19873"}],"curies":[{"name":"wp","href":"https:\/\/api.w.org\/{rel}","templated":true}]}}